{"id":945,"date":"2026-04-10T00:30:06","date_gmt":"2026-04-10T00:30:06","guid":{"rendered":"https:\/\/dardoc78.sg-host.com\/?page_id=945"},"modified":"2026-04-10T00:31:07","modified_gmt":"2026-04-10T00:31:07","slug":"politica-de-devoluciones-y-garantias-mirsa-tile","status":"publish","type":"page","link":"https:\/\/mirsatile.com\/en\/politica-de-devoluciones-y-garantias-mirsa-tile\/","title":{"rendered":"Pol\u00edtica de Devoluciones y Garant\u00edas Mirsa Tile"},"content":{"rendered":"<div data-elementor-type=\"wp-page\" data-elementor-id=\"945\" class=\"elementor elementor-945\" data-elementor-post-type=\"page\">\n\t\t\t\t<div class=\"elementor-element elementor-element-260c1f8 e-flex e-con-boxed e-con e-parent\" data-id=\"260c1f8\" data-element_type=\"container\" data-e-type=\"container\">\n\t\t\t\t\t<div class=\"e-con-inner\">\n\t\t<div class=\"elementor-element elementor-element-1142731 e-con-full e-flex e-con e-child\" data-id=\"1142731\" data-element_type=\"container\" data-e-type=\"container\" data-settings=\"{&quot;background_background&quot;:&quot;classic&quot;}\">\n\t\t\t\t<div class=\"elementor-element elementor-element-24dfb37 elementor-invisible elementor-widget elementor-widget-heading\" data-id=\"24dfb37\" data-element_type=\"widget\" data-e-type=\"widget\" data-settings=\"{&quot;_animation&quot;:&quot;zoomIn&quot;}\" data-widget_type=\"heading.default\">\n\t\t\t\t\t<h1 class=\"elementor-heading-title elementor-size-default\">Returns and warranty policy<\/h1>\t\t\t\t<\/div>\n\t\t\t\t<\/div>\n\t\t\t\t\t<\/div>\n\t\t\t\t<\/div>\n\t\t<div class=\"elementor-element elementor-element-ba9b52b e-flex e-con-boxed e-con e-parent\" data-id=\"ba9b52b\" data-element_type=\"container\" data-e-type=\"container\">\n\t\t\t\t\t<div class=\"e-con-inner\">\n\t\t\t\t<div class=\"elementor-element elementor-element-fbc78c3 elementor-widget__width-inherit elementor-widget elementor-widget-text-editor\" data-id=\"fbc78c3\" data-element_type=\"widget\" data-e-type=\"widget\" data-widget_type=\"text-editor.default\">\n\t\t\t\t\t\t\t\t\t<div class=\"wpb_row vc_row vc_row-fluid jupiter-donut- mk-fullwidth-false attched-false js-master-row mk-grid mpc-row mk-in-viewport\"><div class=\"vc_col-sm-12 wpb_column column_container   jupiter-donut- _ jupiter-donut-height-full mpc-column\" data-column-id=\"mpc_column-996742ad186afc9\"><div class=\"vc_custom_1659759498690\"><div id=\"text-block-7\" class=\"mk-text-block  jupiter-donut-\"><p>At the time of delivery\/shipment, warehouse personnel will inspect your items in front of you to ensure they are not damaged and will deliver everything in good condition. If not<br \/>If so, please let us know immediately so we can verify and correct your delivery\/shipment.<\/p><p>If you wish to exchange or return your item, we only require that you present us with the original invoice within 30 calendar days, as well as the merchandise in good condition and with its original packaging.<\/p><p>In the event that you believe the material has any defect, we kindly ask that you contact us BEFORE the material is installed\/used in order not to void your warranty.<\/p><div class=\"clearboth\">\u00a0<\/div><\/div><\/div><div id=\"padding-8\" class=\"mk-padding-divider jupiter-donut-  jupiter-donut-clearfix\"><strong><span style=\"color: #990000;\">Misuse of the material, or failure to follow the manufacturer's installation instructions, will void your factory warranty.<\/span><\/strong><\/div><\/div><\/div>\t\t\t\t\t\t\t\t<\/div>\n\t\t\t\t\t<\/div>\n\t\t\t\t<\/div>\n\t\t\t\t<\/div>","protected":false},"excerpt":{"rendered":"<p>Pol\u00edtica de devoluciones y garant\u00edas Al momento de Entrega\/Env\u00edo, el personal de Almac\u00e9n revisara frente a usted que su material no este da\u00f1ado y le entregara todo en buen estado. De noSer as\u00ed, h\u00e1ganoslo saber de inmediato para verificar y corregir su entrega\/ envi\u00f3. Si usted desea un Cambio o Devoluci\u00f3n de su material, solo [&hellip;]<\/p>\n","protected":false},"author":1,"featured_media":0,"parent":0,"menu_order":0,"comment_status":"closed","ping_status":"closed","template":"elementor_header_footer","meta":{"footnotes":""},"class_list":["post-945","page","type-page","status-publish","hentry"],"_links":{"self":[{"href":"https:\/\/mirsatile.com\/en\/wp-json\/wp\/v2\/pages\/945","targetHints":{"allow":["GET"]}}],"collection":[{"href":"https:\/\/mirsatile.com\/en\/wp-json\/wp\/v2\/pages"}],"about":[{"href":"https:\/\/mirsatile.com\/en\/wp-json\/wp\/v2\/types\/page"}],"author":[{"embeddable":true,"href":"https:\/\/mirsatile.com\/en\/wp-json\/wp\/v2\/users\/1"}],"replies":[{"embeddable":true,"href":"https:\/\/mirsatile.com\/en\/wp-json\/wp\/v2\/comments?post=945"}],"version-history":[{"count":4,"href":"https:\/\/mirsatile.com\/en\/wp-json\/wp\/v2\/pages\/945\/revisions"}],"predecessor-version":[{"id":949,"href":"https:\/\/mirsatile.com\/en\/wp-json\/wp\/v2\/pages\/945\/revisions\/949"}],"wp:attachment":[{"href":"https:\/\/mirsatile.com\/en\/wp-json\/wp\/v2\/media?parent=945"}],"curies":[{"name":"wp","href":"https:\/\/api.w.org\/{rel}","templated":true}]}}