{"id":938,"date":"2026-04-10T00:27:13","date_gmt":"2026-04-10T00:27:13","guid":{"rendered":"https:\/\/dardoc78.sg-host.com\/?page_id=938"},"modified":"2026-04-10T00:29:01","modified_gmt":"2026-04-10T00:29:01","slug":"politica-de-precios-y-descuentos-2","status":"publish","type":"page","link":"https:\/\/mirsatile.com\/en\/politica-de-precios-y-descuentos-2\/","title":{"rendered":"Pol\u00edtica de Entregas\u200b"},"content":{"rendered":"<div data-elementor-type=\"wp-page\" data-elementor-id=\"938\" class=\"elementor elementor-938\" data-elementor-post-type=\"page\">\n\t\t\t\t<div class=\"elementor-element elementor-element-260c1f8 e-flex e-con-boxed e-con e-parent\" data-id=\"260c1f8\" data-element_type=\"container\" data-e-type=\"container\">\n\t\t\t\t\t<div class=\"e-con-inner\">\n\t\t<div class=\"elementor-element elementor-element-1142731 e-con-full e-flex e-con e-child\" data-id=\"1142731\" data-element_type=\"container\" data-e-type=\"container\" data-settings=\"{&quot;background_background&quot;:&quot;classic&quot;}\">\n\t\t\t\t<div class=\"elementor-element elementor-element-24dfb37 elementor-invisible elementor-widget elementor-widget-heading\" data-id=\"24dfb37\" data-element_type=\"widget\" data-e-type=\"widget\" data-settings=\"{&quot;_animation&quot;:&quot;zoomIn&quot;}\" data-widget_type=\"heading.default\">\n\t\t\t\t\t<h1 class=\"elementor-heading-title elementor-size-default\">Delivery Policy<\/h1>\t\t\t\t<\/div>\n\t\t\t\t<\/div>\n\t\t\t\t\t<\/div>\n\t\t\t\t<\/div>\n\t\t<div class=\"elementor-element elementor-element-ba9b52b e-flex e-con-boxed e-con e-parent\" data-id=\"ba9b52b\" data-element_type=\"container\" data-e-type=\"container\">\n\t\t\t\t\t<div class=\"e-con-inner\">\n\t\t\t\t<div class=\"elementor-element elementor-element-fbc78c3 elementor-widget__width-inherit elementor-widget elementor-widget-text-editor\" data-id=\"fbc78c3\" data-element_type=\"widget\" data-e-type=\"widget\" data-widget_type=\"text-editor.default\">\n\t\t\t\t\t\t\t\t\t<p>All our home deliveries include basic handling, meaning they will only be made to ground floor premises and within a maximum of 5 meters of the delivery vehicle. If your item is in stock, delivery will be made within 1-5 business days.<\/p><p><strong>Local Delivery (15km or Less)<\/strong><\/p><p>It will cost $400\/trip up to 4,000kg unless you make a minimum purchase of $3,000 and then your local delivery (&lt;15km) will be FREE!<\/p><p><strong>Long-distance\/Out-of-town delivery (15km - 125km)<\/strong><\/p><p>All deliveries to destinations over 15km will have a cost WITHOUT exception for a minimum purchase of $400 plus $19\/Km over 15Km.<\/p><p>Furthermore, if the delivery is outside the Border Zone (21km), we are obliged to charge 16% VAT on your invoice.<\/p><p><strong>Examples coming out of NOGALES<\/strong><\/p><p>Colonia Mesa 15km away, $400 fee applies.<br \/>Magdalena, 90km away, charges $1,825.<\/p><p><span style=\"color: #990000;\"><strong>*Freight charges are for a single trip of up to 4,000Kg.<\/strong><\/span><br \/><span style=\"color: #990000;\"><strong>Additional deliveries\/trips may incur an additional charge.<\/strong><\/span><\/p><p><span style=\"color: #990000;\"><strong>*Deliveries will ONLY be made to urban areas.<\/strong><\/span><br \/><span style=\"color: #990000;\"><strong>Deliveries to ranches are not allowed.<\/strong><\/span><\/p><p><span style=\"color: #990000;\"><strong>*Long-Distance Delivery Freight Charges include payment to the<\/strong><\/span><br \/><span style=\"color: #990000;\"><strong>Destination municipalities for the Entry\/Unloading Permit.<\/strong><\/span><\/p>\t\t\t\t\t\t\t\t<\/div>\n\t\t\t\t\t<\/div>\n\t\t\t\t<\/div>\n\t\t\t\t<\/div>","protected":false},"excerpt":{"rendered":"<p>Pol\u00edtica de Entregas Todos nuestros Env\u00edos\/Entregas a Domicilio incluyen maniobra b\u00e1sica, es decir, se realizaran unicamente en planta baja y a un m\u00e1ximo de 5 mts de la unidad de entrega. Si su material esta disponible, el Envi\u00f3 se realizara en un plazo de 1-5 d\u00edas h\u00e1biles. Entrega Local (15km o Menos) Tendr\u00e1 un costo [&hellip;]<\/p>\n","protected":false},"author":1,"featured_media":0,"parent":0,"menu_order":0,"comment_status":"closed","ping_status":"closed","template":"elementor_header_footer","meta":{"footnotes":""},"class_list":["post-938","page","type-page","status-publish","hentry"],"_links":{"self":[{"href":"https:\/\/mirsatile.com\/en\/wp-json\/wp\/v2\/pages\/938","targetHints":{"allow":["GET"]}}],"collection":[{"href":"https:\/\/mirsatile.com\/en\/wp-json\/wp\/v2\/pages"}],"about":[{"href":"https:\/\/mirsatile.com\/en\/wp-json\/wp\/v2\/types\/page"}],"author":[{"embeddable":true,"href":"https:\/\/mirsatile.com\/en\/wp-json\/wp\/v2\/users\/1"}],"replies":[{"embeddable":true,"href":"https:\/\/mirsatile.com\/en\/wp-json\/wp\/v2\/comments?post=938"}],"version-history":[{"count":6,"href":"https:\/\/mirsatile.com\/en\/wp-json\/wp\/v2\/pages\/938\/revisions"}],"predecessor-version":[{"id":944,"href":"https:\/\/mirsatile.com\/en\/wp-json\/wp\/v2\/pages\/938\/revisions\/944"}],"wp:attachment":[{"href":"https:\/\/mirsatile.com\/en\/wp-json\/wp\/v2\/media?parent=938"}],"curies":[{"name":"wp","href":"https:\/\/api.w.org\/{rel}","templated":true}]}}